{"id":105,"date":"2020-11-09T15:20:51","date_gmt":"2020-11-09T14:20:51","guid":{"rendered":"http:\/\/gutshof-clausberg.de\/?page_id=105"},"modified":"2021-02-12T17:32:12","modified_gmt":"2021-02-12T16:32:12","slug":"datenschutz","status":"publish","type":"page","link":"https:\/\/gutshof-clausberg.de\/?page_id=105","title":{"rendered":"Datenschutz"},"content":{"rendered":"\t\t<div data-elementor-type=\"wp-page\" data-elementor-id=\"105\" class=\"elementor elementor-105\">\n\t\t\t\t\t\t<section class=\"elementor-section elementor-top-section elementor-element elementor-element-fe22b80 elementor-section-boxed elementor-section-height-default elementor-section-height-default\" data-id=\"fe22b80\" data-element_type=\"section\" data-e-type=\"section\">\n\t\t\t\t\t\t<div class=\"elementor-container elementor-column-gap-default\">\n\t\t\t\t\t<div class=\"elementor-column elementor-col-100 elementor-top-column elementor-element elementor-element-94a9b70\" data-id=\"94a9b70\" data-element_type=\"column\" data-e-type=\"column\">\n\t\t\t<div class=\"elementor-widget-wrap elementor-element-populated\">\n\t\t\t\t\t\t<div class=\"elementor-element elementor-element-9565f0f elementor-widget elementor-widget-text-editor\" data-id=\"9565f0f\" data-element_type=\"widget\" data-e-type=\"widget\" data-widget_type=\"text-editor.default\">\n\t\t\t\t<div class=\"elementor-widget-container\">\n\t\t\t\t\t\t\t\t\t<p>Diese Datenschutzerkl\u00e4rung gilt f\u00fcr die Gutshof Clausberg eG iGr und den Kultur und Natur Clausberg e.V. unter der Domain <a href=\"http:\/\/gutshof-clausberg.de\">gutshof-clausberg.de <\/a>\u00a0inkl. aller Subdomains (Unterseiten).<\/p><h2>Auf einen Blick \u2013 Allgemeine Hinweise<\/h2><p>Die folgenden Hinweise geben einen einfachen \u00dcberblick dar\u00fcber, was mit Ihren personenbezogenen Daten passiert, wenn Sie unsere Website besuchen. Personenbezogene Daten sind alle Daten, mit denen Sie pers\u00f6nlich identifiziert werden k\u00f6nnen. Ausf\u00fchrliche Informationen zum Thema Datenschutz entnehmen Sie unserer unter diesem Text aufgef\u00fchrten Datenschutzerkl\u00e4rung.<\/p><h2>Datenerfassung auf unserer Website<\/h2><p><strong>Wer ist verantwortlich f\u00fcr die Datenerfassung auf dieser Website?<\/strong><\/p><p>Die Datenverarbeitung auf dieser Website erfolgt durch den Websitebetreiber. Dessen Kontaktdaten k\u00f6nnen Sie dem Impressum dieser Website entnehmen.<\/p><p><strong>Wie werden Ihre Daten erfasst? <\/strong><\/p><p>Ihre Daten werden zum einen dadurch erhoben, dass Sie uns diese mitteilen. Hierbei kann es sich z.B. um Daten handeln, die Sie in ein Kontaktformular eingeben.<\/p><p>Andere Daten werden automatisch beim Besuch der Website durch unsere IT-Systeme erfasst. Das sind vor allem technische Daten (z.B. Internetbrowser, Betriebssystem oder Uhrzeit des Seitenaufrufs). Die Erfassung dieser Daten erfolgt automatisch, sobald Sie unsere Website betreten.<\/p><p><strong>Wof\u00fcr nutzen wir Ihre Daten?<\/strong><\/p><p>Ein Teil der Daten wird erhoben, um eine fehlerfreie Bereitstellung der Website zu gew\u00e4hrleisten. Andere Daten k\u00f6nnen zur Analyse Ihres Nutzerverhaltens verwendet werden.<\/p><p><strong>Welche Rechte haben Sie bez\u00fcglich Ihrer Daten?<\/strong><\/p><p>Sie haben jederzeit das Recht unentgeltlich Auskunft \u00fcber Herkunft, Empf\u00e4nger und Zweck Ihrer gespeicherten personenbezogenen Daten zu erhalten. Sie haben au\u00dferdem ein Recht, die Berichtigung, Sperrung oder L\u00f6schung dieser Daten zu verlangen. Hierzu sowie zu weiteren Fragen zum Thema Datenschutz k\u00f6nnen Sie sich jederzeit unter der im Impressum angegebenen Adresse an uns wenden. Des Weiteren steht Ihnen ein Beschwerderecht bei der zust\u00e4ndigen Aufsichtsbeh\u00f6rde zu.<\/p><p><strong>Analyse-Tools und Tools von Drittanbietern<\/strong><\/p><p>Beim Besuch unserer Website kann Ihr Surf-Verhalten statistisch ausgewertet werden. Das geschieht vor allem mit Cookies und mit sogenannten Analyseprogrammen. Die Analyse Ihres Surf-Verhaltens erfolgt in der Regel anonym; das Surf-Verhalten kann nicht zu Ihnen zur\u00fcckverfolgt werden. Sie k\u00f6nnen dieser Analyse widersprechen oder sie durch die Nichtbenutzung bestimmter Tools verhindern. Details hierzu entnehmen Sie unserer Datenschutzerkl\u00e4rung unter der \u00dcberschrift \u201ePlugins und Tools\u201c. Sie k\u00f6nnen dieser Analyse widersprechen. \u00dcber die Widerspruchsm\u00f6glichkeiten werden wir Sie in dieser Datenschutzerkl\u00e4rung informieren.<\/p><h2>Allgemeine Hinweise und Pflichtinformationen<\/h2><h3>Datenschutzerkl\u00e4rung<\/h3><p>Ihre personenbezogenen Daten werden vertraulich und entsprechend der gesetzlichen Datenschutzvorschriften sowie dieser Datenschutzerkl\u00e4rung behandelt. Wenn Sie diese Website benutzen, werden verschiedene personenbezogene Daten erhoben. Personenbezogene Daten sind Daten, mit denen Sie pers\u00f6nlich identifiziert werden k\u00f6nnen. Die vorliegende Datenschutzerkl\u00e4rung erl\u00e4utert, welche Daten erhoben werden und wof\u00fcr sie benutzt werden.<\/p><p><strong>Hinweis:<\/strong> Daten\u00fcbertragung im Internet (z.B. bei der Kommunikation per E-Mail) kann Sicherheitsl\u00fccken aufweisen. Ein l\u00fcckenloser Schutz der Daten vor dem Zugriff durch Dritte ist nicht m\u00f6glich.<\/p><h3>Hinweis zur verantwortlichen Stelle<\/h3><p>Die verantwortliche Stelle f\u00fcr die Datenverarbeitung auf dieser Website ist:<br \/><i>Juliane Schwartz, info@buntetuche.de<\/i><br \/>Verantwortliche Stelle ist die nat\u00fcrliche oder juristische Person, die allein oder gemeinsam mit anderen \u00fcber die Zwecke und Mittel der Verarbeitung von personenbezogenen Daten (z.B. Namen, E-Mail-Adressen o. \u00c4.) entscheidet.<\/p><h3>Widerruf Ihrer Einwilligung zur Datenverarbeitung<\/h3><p>Viele Datenverarbeitungsvorg\u00e4nge sind nur mit Ihrer ausdr\u00fccklichen Einwilligung m\u00f6glich. Sie k\u00f6nnen eine bereits erteilte Einwilligung jederzeit widerrufen. Dazu reicht eine formlose Mitteilung per E-Mail an uns. Die Rechtm\u00e4\u00dfigkeit der bis zum Widerruf erfolgten Datenverarbeitung bleibt vom Widerruf unber\u00fchrt.<\/p><h3>Beschwerderecht bei der zust\u00e4ndigen Aufsichtsbeh\u00f6rde<\/h3><p>Im Falle datenschutzrechtlicher Verst\u00f6\u00dfe steht dem Betroffenen ein Beschwerderecht bei der zust\u00e4ndigen Aufsichtsbeh\u00f6rde zu. Zust\u00e4ndige Aufsichtsbeh\u00f6rde in datenschutzrechtlichen Fragen ist der Landesdatenschutzbeauftragte des Bundeslandes, in dem unser Unternehmen seinen Sitz hat. Eine Liste der Datenschutzbeauftragten sowie deren Kontaktdaten k\u00f6nnen folgendem Link entnommen werden: <a href=\"https:\/\/www.bfdi.bund.de\/DE\/Infothek\/Anschriften_Links\/anschriften_links-node.html\">https:\/\/www.bfdi.bund.de\/DE\/Infothek\/Anschriften_Links\/anschriften_links-node.html<\/a>.<\/p><h3>Recht auf Daten\u00fcbertragbarkeit<\/h3><p>Sie haben das Recht, Daten, die wir auf Grundlage Ihrer Einwilligung oder in Erf\u00fcllung eines Vertrags automatisiert verarbeiten, an sich oder an einen Dritten in einem g\u00e4ngigen, maschinenlesbaren Format aush\u00e4ndigen zu lassen. Sofern Sie die direkte \u00dcbertragung der Daten an einen anderen Verantwortlichen verlangen, erfolgt dies nur, soweit es technisch machbar ist.<\/p><h3>SSL- bzw. TLS-Verschl\u00fcsselung<\/h3><p>Unsere Webseite bedient sich einer SSL-Verschl\u00fcsselung, wenn es um die \u00dcbermittlung vertraulicher oder pers\u00f6nlicher Inhalte unserer Nutzer geht. Diese Verschl\u00fcsslung wird zum Beispiel bei der Abwicklung des Zahlungsverkehrs sowie bei Anfragen aktiviert, die Sie an uns \u00fcber unsere Webseite stellen. Achten Sie bitte darauf, dass die SSL-Verschl\u00fcsselung bei entsprechenden Aktivit\u00e4ten von Ihrer Seite her aktiviert ist. Der Einsatz der Verschl\u00fcsselung ist leicht zu erkennen: Die Anzeige in Ihrer Browserzeile wechselt von \u201ehttp:\/\/\u201c zu \u201ehttps:\/\/\u201c. \u00dcber SSL verschl\u00fcsselte Daten sind nicht von Dritten lesbar.<\/p><p>\u00dcbermitteln Sie Ihre vertraulichen Informationen nur bei aktivierter SSL-Verschl\u00fcsselung und wenden Sie sich im Zweifel an uns.<\/p><h3>Auskunft, Sperrung, L\u00f6schung<\/h3><p>Sie erhalten jederzeit unentgeltlich Auskunft \u00fcber die von uns gespeicherten personenbezogenen Daten zu Ihrer Person sowie zur Herkunft, dem Empf\u00e4nger und dem Zweck von Datenerhebung sowie Datenverarbeitung. Au\u00dferdem haben Sie das Recht, die Berichtigung, die Sperrung oder L\u00f6schung Ihrer Daten zu verlangen. Ausgenommen davon sind Daten, die aufgrund gesetzlicher Vorschriften aufbewahrt oder zur ordnungsgem\u00e4\u00dfen Gesch\u00e4ftsabwicklung ben\u00f6tigt werden. Damit eine Datensperre jederzeit realisiert werden kann, werden Daten zu Kontrollzwecken in einer Sperrdatei vorgehalten. Werden Daten nicht von einer gesetzlichen Archivierungspflicht erfasst, l\u00f6schen wir Ihre Daten auf Ihren Wunsch. Greift die Archivierungspflicht, sperren wir Ihre Daten. F\u00fcr alle Fragen und Anliegen zur Berichtigung, Sperrung oder L\u00f6schung von personenbezogenen Daten wenden Sie sich bitte an die im Impressum genannte Adresse.<\/p><h2>Datenerfassung auf unserer Website<\/h2><h3>Cookies<\/h3><p>Die Internetseiten verwenden teilweise so genannte Cookies. Cookies richten auf Ihrem Rechner keinen Schaden an und enthalten keine Viren. Cookies dienen dazu, unser Angebot nutzerfreundlicher, effektiver und sicherer zu machen. Cookies sind kleine Textdateien, die auf Ihrem Rechner abgelegt werden und die Ihr Browser speichert.<\/p><p>Die meisten der von uns verwendeten Cookies sind so genannte Session-Cookies. Sie werden nach Ende Ihres Besuchs automatisch gel\u00f6scht. Andere Cookies bleiben auf Ihrem Endger\u00e4t gespeichert bis Sie diese l\u00f6schen. Diese Cookies erm\u00f6glichen es uns, Ihren Browser beim n\u00e4chsten Besuch wiederzuerkennen.<\/p><p>Sie k\u00f6nnen Ihren Browser so einstellen, dass Sie \u00fcber das Setzen von Cookies informiert werden und Cookies nur im Einzelfall erlauben, die Annahme von Cookies f\u00fcr bestimmte F\u00e4lle oder generell ausschlie\u00dfen sowie das automatische L\u00f6schen der Cookies beim Schlie\u00dfen des Browser aktivieren. Bei der Deaktivierung von Cookies kann die Funktionalit\u00e4t dieser Website eingeschr\u00e4nkt sein.<\/p><p>Cookies, die zur Durchf\u00fchrung des elektronischen Kommunikationsvorgangs oder zur Bereitstellung bestimmter, von Ihnen erw\u00fcnschter Funktionen (z.B. Warenkorbfunktion) erforderlich sind, werden auf Grundlage von Art. 6 Abs. 1 lit. f DSGVO gespeichert. Der Websitebetreiber hat ein berechtigtes Interesse an der Speicherung von Cookies zur technisch fehlerfreien und optimierten Bereitstellung seiner Dienste. Soweit andere Cookies (z.B. Cookies zur Analyse Ihres Surfverhaltens) gespeichert werden, werden diese in dieser Datenschutzerkl\u00e4rung gesondert behandelt.<\/p><h3>Server-Log-Dateien<\/h3><p>Der Provider der Seiten erhebt und speichert automatisch Informationen in so genannten Server-Log-Dateien, die Ihr Browser automatisch an uns \u00fcbermittelt. Dies sind:<\/p><ul><li>Browsertyp und Browserversion<\/li><li>verwendetes Betriebssystem<\/li><li>Referrer URL<\/li><li>Hostname des zugreifenden Rechners<\/li><li>Uhrzeit der Serveranfrage<\/li><li>IP-Adresse<\/li><\/ul><p>Die genannten Daten werden durch uns zu folgenden Zwecken verarbeitet:<\/p><ul><li>Gew\u00e4hrleistung und Optimierung der komfortablen Nutzung unserer Website<\/li><li>Fehlerbehebung<\/li><li>Auswertung und Gew\u00e4hrleistung der Systemsicherheit<\/li><li>administrative Zwecke<\/li><\/ul><p>Rechtsgrundlage f\u00fcr die Datenverarbeitung bildet Art. 6 Abs. 1 S. 1 lit. f DSGVO. Unser berechtigtes Interesse ergibt sich aus obig aufgelisteten Zwecken der Datenerhebung. Wir verwenden die erhobenen Daten in keinem Fall, um R\u00fcckschl\u00fcsse auf einzelne Personen zu ziehen. Eine Zusammenf\u00fchrung dieser Daten mit anderen Datenquellen wird nicht vorgenommen.<\/p><h3>Erbringung kostenpflichtiger Dienste<\/h3><p>Sollten Sie die auf unserer Webseite angebotenen kostenpflichtigen Leistungen und Dienste nutzen wollen, m\u00fcssen wir zu Abrechnungszwecken und aus Sicherheitsgr\u00fcnden unter Umst\u00e4nden weitere Daten von Ihnen erheben. Regelm\u00e4\u00dfig geht es hier um Ihren Name, eine g\u00fcltige E-Mail-Adresse und gegebenenfalls auch Ihre Anschrift und Ihre Telefonnummer sowie je nach Einzelfall um weitere Informationen. Es kann dabei auch um Inhalte gehen, die uns eine \u00dcberpr\u00fcfung der angegebenen Daten erlauben, wie etwa Ihre Inhaberschaft bez\u00fcglich der angegebenen E-Mail-Adresse. Wir m\u00fcssen aus rechtlichen Gr\u00fcnden sicherstellen, dass Sie die angebotenen Leistungen tats\u00e4chlich empfangen m\u00f6chten, und wir Ihnen die Leistung ordnungsgem\u00e4\u00df in Rechnung stellen k\u00f6nnen. Wir arbeiten im Zahlungsverkehr zur Sicherung Ihrer Daten mit dem Verschl\u00fcsselungsstandard SSL, erkennbar an der Browserzeile \u201ehttps:\/\/\u201c.<\/p><h3>Inhalte und Dienste von Drittanbietern<\/h3><p>Das Angebot auf unserer Webseite erfasst unter Umst\u00e4nden auch Inhalte, Dienste und Leistungen von anderen Anbietern, die unser Angebot erg\u00e4nzen. Beispiele f\u00fcr solche Angebote sind Karten von Google-Maps, YouTube-Videos oder Grafikdarstellungen Dritter. Der Aufruf dieser Leistungen von dritter Seite erfordert regelm\u00e4\u00dfig die \u00dcbermittlung Ihrer IP-Adresse. Damit ist es diesen Anbietern m\u00f6glich, Ihre Nutzer-IP-Adresse wahrzunehmen und diese auch zu speichern. Wir bem\u00fchen uns sehr, nur solche Drittanbieter einzubeziehen, die IP-Adressen allein zur Auslieferung der Inhalte nutzen. Wir haben dabei jedoch keinen Einfluss darauf, welcher Drittanbieter gegebenenfalls die IP-Adresse speichert. Diese Speicherung kann zum Beispiel statistischen Zwecken dienen. Sollten wir von Speicherungsvorg\u00e4ngen durch Drittanbieter Kenntnis erlangen, weisen wir unsere Nutzer unverz\u00fcglich auf diese Tatsache hin. Beachten Sie bitte in diesem Zusammenhang auch die speziellen Datenschutzerkl\u00e4rungen zu einzelnen Drittanbietern und Dienstleistern, deren Service wir auf unserer Webseite nutzen. Sie finden Sie ebenfalls in dieser Datenschutzerkl\u00e4rung.<\/p><h3>Widerspruch Werbe-Mails<\/h3><p>Der Nutzung von im Rahmen der Impressumspflicht ver\u00f6ffentlichten Kontaktdaten zur \u00fcbersendung von nicht ausdr\u00fccklich angeforderter Werbung und Informationsmaterialien wird hiermit widersprochen. Die Betreiber der Seiten behalten sich ausdr\u00fccklich rechtliche Schritte im Falle der unverlangten Zusendung von Werbeinformationen, etwa durch Spam-E-Mails, vor.<\/p><h2>Plugins und Tools<\/h2><h3>Facebook Plugin<\/h3><p>Sie finden auf unserer Webseite Plugins des sozialen Netzwerks Facebook. Dessen Anbieter ist die Facebook Inc. Sie ist ans\u00e4ssig in den USA, California 94025, 1 Hacker Way, Menlo Park. Das Facebook-Logo oder der \u201eLike-Button\u201c (\u201eGef\u00e4llt mir\u201c-Knopf) auf unserer Seite kennzeichnen die Facebook-Plugins f\u00fcr Sie erkennbar. Beachten Sie auch die \u00dcbersicht zu den Facebook-Plugins auf http:\/\/developers.facebook.com\/docs\/plugins\/. Bei Ihrem Besuch auf unserer Webseite stellen wir \u00fcber das Plugin direkt eine Verbindung mit dem Facebook-Server her. Sie sind dann \u00fcber Ihren Browser dorthin geschaltet. F\u00fcr Facebook ist damit die Information verbunden, dass Sie unsere Webseite mit Ihrer IP-Adresse besucht haben. Mit einem Klick auf den Facebook \u201eLike-Button\u201c verlinken Sie Inhalte unserer Webseite mit Ihrem Profil auf Facebook. F\u00fcr Facebook wird der Besuch auf unserer Seite Ihrem Benutzerkonto zuordenbar. Dabei haben wir keine Kenntnis dar\u00fcber, welcher Art die Inhalte sind, die an Facebook \u00fcbermittelt werden und wie Facebook diese nutzt. Erhalten Sie n\u00e4here Informationen zur Datenerhebung und Datennutzung in der Facebook-Datenschutzerkl\u00e4rung, die Sie unter http:\/\/de-de.facebook.com\/policy.php finden. Sie k\u00f6nnen die Zuordnung Ihres Besuches auf unserer Seite mit Ihrem Facebook-Profil unterbinden, indem Sie sich einfach vorher aus Ihrem Facebook-Account ausloggen.<\/p>\t\t\t\t\t\t\t\t<\/div>\n\t\t\t\t<\/div>\n\t\t\t\t\t<\/div>\n\t\t<\/div>\n\t\t\t\t\t<\/div>\n\t\t<\/section>\n\t\t\t\t<\/div>\n\t\t","protected":false},"excerpt":{"rendered":"<p class=\"excerpt\">Diese Datenschutzerkl\u00e4rung gilt f\u00fcr die Gutshof Clausberg eG iGr und den Kultur und Natur Clausberg e.V. unter der Domain gutshof-clausberg.de \u00a0inkl. aller Subdomains (Unterseiten). Auf einen Blick \u2013 Allgemeine Hinweise Die folgenden Hinweise geben einen einfachen \u00dcberblick dar\u00fcber, was mit Ihren personenbezogenen Daten passiert, wenn Sie unsere Website besuchen. Personenbezogene Daten sind alle Daten, mit [&hellip;]<\/p>\n","protected":false},"author":1,"featured_media":0,"parent":0,"menu_order":0,"comment_status":"closed","ping_status":"closed","template":"template-blank.php","meta":{"footnotes":""},"class_list":["post-105","page","type-page","status-publish","hentry"],"_links":{"self":[{"href":"https:\/\/gutshof-clausberg.de\/index.php?rest_route=\/wp\/v2\/pages\/105","targetHints":{"allow":["GET"]}}],"collection":[{"href":"https:\/\/gutshof-clausberg.de\/index.php?rest_route=\/wp\/v2\/pages"}],"about":[{"href":"https:\/\/gutshof-clausberg.de\/index.php?rest_route=\/wp\/v2\/types\/page"}],"author":[{"embeddable":true,"href":"https:\/\/gutshof-clausberg.de\/index.php?rest_route=\/wp\/v2\/users\/1"}],"replies":[{"embeddable":true,"href":"https:\/\/gutshof-clausberg.de\/index.php?rest_route=%2Fwp%2Fv2%2Fcomments&post=105"}],"version-history":[{"count":10,"href":"https:\/\/gutshof-clausberg.de\/index.php?rest_route=\/wp\/v2\/pages\/105\/revisions"}],"predecessor-version":[{"id":2171,"href":"https:\/\/gutshof-clausberg.de\/index.php?rest_route=\/wp\/v2\/pages\/105\/revisions\/2171"}],"wp:attachment":[{"href":"https:\/\/gutshof-clausberg.de\/index.php?rest_route=%2Fwp%2Fv2%2Fmedia&parent=105"}],"curies":[{"name":"wp","href":"https:\/\/api.w.org\/{rel}","templated":true}]}}